{"id":726,"date":"2025-12-10T15:42:29","date_gmt":"2025-12-10T15:42:29","guid":{"rendered":"https:\/\/maiison-veyra.com\/?post_type=product&#038;p=726"},"modified":"2025-12-10T15:42:29","modified_gmt":"2025-12-10T15:42:29","slug":"zuecos-de-ante-old-money","status":"publish","type":"product","link":"https:\/\/maiison-veyra.com\/en_us\/product\/zuecos-de-ante-old-money\/","title":{"rendered":"Zuecos de ante Old Money"},"content":{"rendered":"<p>Opte por la elegancia, est\u00e9 donde est\u00e9<\/p>\n<p>Descubra los zapatos Old Money, la encarnaci\u00f3n misma del estilo refinado y la comodidad definitiva. Estos mocasines refinados cuentan con una parte superior meticulosamente confeccionada en suave piel de becerro ante, adornada con delicadas costuras. La plantilla totalmente de cuero garantiza no solo una calidad duradera, sino tambi\u00e9n un ajuste perfecto.<\/p>\n<p>Nota: si su pie supera la longitud est\u00e1ndar, le recomendamos que elija una talla m\u00e1s, ya que estos zuecos tienden a quedar peque\u00f1os debido a su dise\u00f1o sin cordones.<\/p>","protected":false},"excerpt":{"rendered":"<p>Opte por la elegancia, est\u00e9 donde est\u00e9 Descubra los zapatos Old Money, la encarnaci\u00f3n misma del estilo refinado y la&#8230;<\/p>","protected":false},"featured_media":727,"comment_status":"open","ping_status":"closed","template":"","meta":[],"product_brand":[],"product_cat":[41],"product_tag":[],"class_list":{"0":"post-726","1":"product","2":"type-product","3":"status-publish","4":"has-post-thumbnail","6":"product_cat-chaussures","8":"first","9":"instock","10":"shipping-taxable","11":"product-type-variable"},"_links":{"self":[{"href":"https:\/\/maiison-veyra.com\/en_us\/wp-json\/wp\/v2\/product\/726","targetHints":{"allow":["GET"]}}],"collection":[{"href":"https:\/\/maiison-veyra.com\/en_us\/wp-json\/wp\/v2\/product"}],"about":[{"href":"https:\/\/maiison-veyra.com\/en_us\/wp-json\/wp\/v2\/types\/product"}],"replies":[{"embeddable":true,"href":"https:\/\/maiison-veyra.com\/en_us\/wp-json\/wp\/v2\/comments?post=726"}],"wp:featuredmedia":[{"embeddable":true,"href":"https:\/\/maiison-veyra.com\/en_us\/wp-json\/wp\/v2\/media\/727"}],"wp:attachment":[{"href":"https:\/\/maiison-veyra.com\/en_us\/wp-json\/wp\/v2\/media?parent=726"}],"wp:term":[{"taxonomy":"product_brand","embeddable":true,"href":"https:\/\/maiison-veyra.com\/en_us\/wp-json\/wp\/v2\/product_brand?post=726"},{"taxonomy":"product_cat","embeddable":true,"href":"https:\/\/maiison-veyra.com\/en_us\/wp-json\/wp\/v2\/product_cat?post=726"},{"taxonomy":"product_tag","embeddable":true,"href":"https:\/\/maiison-veyra.com\/en_us\/wp-json\/wp\/v2\/product_tag?post=726"}],"curies":[{"name":"wp","href":"https:\/\/api.w.org\/{rel}","templated":true}]}}