{"id":690,"date":"2025-12-10T15:35:18","date_gmt":"2025-12-10T15:35:18","guid":{"rendered":"https:\/\/maiison-veyra.com\/?post_type=product&#038;p=690"},"modified":"2025-12-10T15:36:24","modified_gmt":"2025-12-10T15:36:24","slug":"mocasines-de-ante","status":"publish","type":"product","link":"https:\/\/maiison-veyra.com\/en_us\/product\/mocasines-de-ante\/","title":{"rendered":"Mocasines de ante"},"content":{"rendered":"<p>Opte por la elegancia, est\u00e9 donde est\u00e9.<\/p>\n<p>Descubra los mocasines de lujo Old Money, la encarnaci\u00f3n misma del estilo refinado y la comodidad definitiva. Estos refinados mocasines cuentan con una parte superior meticulosamente confeccionada en suave piel de becerro ante, adornada con delicadas costuras. La plantilla totalmente de cuero garantiza no solo una calidad duradera, sino tambi\u00e9n un ajuste perfecto.<\/p>\n<p>Nota: si su pie supera la longitud est\u00e1ndar, le recomendamos que elija una talla m\u00e1s, ya que los mocasines tienden a quedar ajustados debido a su dise\u00f1o sin cordones.<\/p>","protected":false},"excerpt":{"rendered":"<p>Opte por la elegancia, est\u00e9 donde est\u00e9. Descubra los mocasines de lujo Old Money, la encarnaci\u00f3n misma del estilo refinado&#8230;<\/p>","protected":false},"featured_media":691,"comment_status":"open","ping_status":"closed","template":"","meta":[],"product_brand":[],"product_cat":[41],"product_tag":[],"class_list":{"0":"post-690","1":"product","2":"type-product","3":"status-publish","4":"has-post-thumbnail","6":"product_cat-chaussures","8":"first","9":"instock","10":"shipping-taxable","11":"purchasable","12":"product-type-variable"},"_links":{"self":[{"href":"https:\/\/maiison-veyra.com\/en_us\/wp-json\/wp\/v2\/product\/690","targetHints":{"allow":["GET"]}}],"collection":[{"href":"https:\/\/maiison-veyra.com\/en_us\/wp-json\/wp\/v2\/product"}],"about":[{"href":"https:\/\/maiison-veyra.com\/en_us\/wp-json\/wp\/v2\/types\/product"}],"replies":[{"embeddable":true,"href":"https:\/\/maiison-veyra.com\/en_us\/wp-json\/wp\/v2\/comments?post=690"}],"wp:featuredmedia":[{"embeddable":true,"href":"https:\/\/maiison-veyra.com\/en_us\/wp-json\/wp\/v2\/media\/691"}],"wp:attachment":[{"href":"https:\/\/maiison-veyra.com\/en_us\/wp-json\/wp\/v2\/media?parent=690"}],"wp:term":[{"taxonomy":"product_brand","embeddable":true,"href":"https:\/\/maiison-veyra.com\/en_us\/wp-json\/wp\/v2\/product_brand?post=690"},{"taxonomy":"product_cat","embeddable":true,"href":"https:\/\/maiison-veyra.com\/en_us\/wp-json\/wp\/v2\/product_cat?post=690"},{"taxonomy":"product_tag","embeddable":true,"href":"https:\/\/maiison-veyra.com\/en_us\/wp-json\/wp\/v2\/product_tag?post=690"}],"curies":[{"name":"wp","href":"https:\/\/api.w.org\/{rel}","templated":true}]}}