{"id":597,"date":"2025-12-10T14:56:25","date_gmt":"2025-12-10T14:56:25","guid":{"rendered":"https:\/\/maiison-veyra.com\/?post_type=product&#038;p=597"},"modified":"2025-12-10T14:56:25","modified_gmt":"2025-12-10T14:56:25","slug":"bottes-chelsea-old-money","status":"publish","type":"product","link":"https:\/\/maiison-veyra.com\/en_us\/product\/bottes-chelsea-old-money\/","title":{"rendered":"Bottes Chelsea Old Money"},"content":{"rendered":"<p>Entra en la elegancia sin concesiones:<\/p>\n<p>Un dise\u00f1o atemporal combinado con una comodidad inigualable para todas las ocasiones.<br \/>\nDise\u00f1ados para ofrecer sofisticaci\u00f3n y comodidad.<\/p>\n<p>Descripci\u00f3n:<\/p>\n<p>Los zapatos sin cordones de lujo Old Money realzan su vestuario informal gracias a sus detalles elegantes y refinados. Fabricados en piel de becerro de primera calidad, estos zapatos sin cordones garantizan durabilidad y comodidad gracias a su plantilla totalmente de piel. Su dise\u00f1o vers\u00e1til combina f\u00e1cilmente con atuendos formales o informales. Un par imprescindible para una sofisticaci\u00f3n discreta.<\/p>\n<p>Detalles caracter\u00edsticos:<\/p>\n<p>Parte superior de piel de becerro de primera calidad.<br \/>\nPlantilla totalmente de piel para mayor durabilidad y comodidad.<br \/>\nDise\u00f1o vers\u00e1til adecuado para m\u00faltiples ocasiones.<br \/>\nConsejo sobre la talla: elige una talla m\u00e1s para un ajuste m\u00e1s<br \/>\nancho; una talla menos para un ajuste m\u00e1s estrecho.<\/p>","protected":false},"excerpt":{"rendered":"<p>Entra en la elegancia sin concesiones: Un dise\u00f1o atemporal combinado con una comodidad inigualable para todas las ocasiones. Dise\u00f1ados para&#8230;<\/p>","protected":false},"featured_media":598,"comment_status":"open","ping_status":"closed","template":"","meta":[],"product_brand":[],"product_cat":[41],"product_tag":[],"class_list":{"0":"post-597","1":"product","2":"type-product","3":"status-publish","4":"has-post-thumbnail","6":"product_cat-chaussures","8":"first","9":"instock","10":"shipping-taxable","11":"purchasable","12":"product-type-variable"},"_links":{"self":[{"href":"https:\/\/maiison-veyra.com\/en_us\/wp-json\/wp\/v2\/product\/597","targetHints":{"allow":["GET"]}}],"collection":[{"href":"https:\/\/maiison-veyra.com\/en_us\/wp-json\/wp\/v2\/product"}],"about":[{"href":"https:\/\/maiison-veyra.com\/en_us\/wp-json\/wp\/v2\/types\/product"}],"replies":[{"embeddable":true,"href":"https:\/\/maiison-veyra.com\/en_us\/wp-json\/wp\/v2\/comments?post=597"}],"wp:featuredmedia":[{"embeddable":true,"href":"https:\/\/maiison-veyra.com\/en_us\/wp-json\/wp\/v2\/media\/598"}],"wp:attachment":[{"href":"https:\/\/maiison-veyra.com\/en_us\/wp-json\/wp\/v2\/media?parent=597"}],"wp:term":[{"taxonomy":"product_brand","embeddable":true,"href":"https:\/\/maiison-veyra.com\/en_us\/wp-json\/wp\/v2\/product_brand?post=597"},{"taxonomy":"product_cat","embeddable":true,"href":"https:\/\/maiison-veyra.com\/en_us\/wp-json\/wp\/v2\/product_cat?post=597"},{"taxonomy":"product_tag","embeddable":true,"href":"https:\/\/maiison-veyra.com\/en_us\/wp-json\/wp\/v2\/product_tag?post=597"}],"curies":[{"name":"wp","href":"https:\/\/api.w.org\/{rel}","templated":true}]}}