{"id":575,"date":"2025-12-10T13:58:27","date_gmt":"2025-12-10T13:58:27","guid":{"rendered":"https:\/\/maiison-veyra.com\/?post_type=product&#038;p=575"},"modified":"2025-12-10T13:58:27","modified_gmt":"2025-12-10T13:58:27","slug":"zapatos-clasicos-de-cuero","status":"publish","type":"product","link":"https:\/\/maiison-veyra.com\/en_us\/product\/zapatos-clasicos-de-cuero\/","title":{"rendered":"Zapatos cl\u00e1sicos de cuero"},"content":{"rendered":"<p>LLEGA CON ESTILO A CUALQUIER OCASI\u00d3N<\/p>\n<p>Los mocasines de lujo Old Money son perfectos para un estilo informal y ofrecen una comodidad \u00f3ptima. Presentan una parte superior magn\u00edficamente cosida y est\u00e1n fabricados en cuero. La plantilla totalmente de cuero garantiza una gran durabilidad y un ajuste c\u00f3modo.<\/p>","protected":false},"excerpt":{"rendered":"<p>LLEGA CON ESTILO A CUALQUIER OCASI\u00d3N Los mocasines de lujo Old Money son perfectos para un estilo informal y ofrecen&#8230;<\/p>","protected":false},"featured_media":576,"comment_status":"open","ping_status":"closed","template":"","meta":[],"product_brand":[],"product_cat":[41],"product_tag":[],"class_list":{"0":"post-575","1":"product","2":"type-product","3":"status-publish","4":"has-post-thumbnail","6":"product_cat-chaussures","8":"first","9":"instock","10":"shipping-taxable","11":"purchasable","12":"product-type-variable"},"_links":{"self":[{"href":"https:\/\/maiison-veyra.com\/en_us\/wp-json\/wp\/v2\/product\/575","targetHints":{"allow":["GET"]}}],"collection":[{"href":"https:\/\/maiison-veyra.com\/en_us\/wp-json\/wp\/v2\/product"}],"about":[{"href":"https:\/\/maiison-veyra.com\/en_us\/wp-json\/wp\/v2\/types\/product"}],"replies":[{"embeddable":true,"href":"https:\/\/maiison-veyra.com\/en_us\/wp-json\/wp\/v2\/comments?post=575"}],"wp:featuredmedia":[{"embeddable":true,"href":"https:\/\/maiison-veyra.com\/en_us\/wp-json\/wp\/v2\/media\/576"}],"wp:attachment":[{"href":"https:\/\/maiison-veyra.com\/en_us\/wp-json\/wp\/v2\/media?parent=575"}],"wp:term":[{"taxonomy":"product_brand","embeddable":true,"href":"https:\/\/maiison-veyra.com\/en_us\/wp-json\/wp\/v2\/product_brand?post=575"},{"taxonomy":"product_cat","embeddable":true,"href":"https:\/\/maiison-veyra.com\/en_us\/wp-json\/wp\/v2\/product_cat?post=575"},{"taxonomy":"product_tag","embeddable":true,"href":"https:\/\/maiison-veyra.com\/en_us\/wp-json\/wp\/v2\/product_tag?post=575"}],"curies":[{"name":"wp","href":"https:\/\/api.w.org\/{rel}","templated":true}]}}