{"id":549,"date":"2025-12-10T13:50:07","date_gmt":"2025-12-10T13:50:07","guid":{"rendered":"https:\/\/maiison-veyra.com\/?post_type=product&#038;p=549"},"modified":"2025-12-10T13:59:19","modified_gmt":"2025-12-10T13:59:19","slug":"mocasines-old-money-de-piel-de-vacuno","status":"publish","type":"product","link":"https:\/\/maiison-veyra.com\/en_us\/product\/mocasines-old-money-de-piel-de-vacuno\/","title":{"rendered":"Mocasines Old Money de piel de vacuno"},"content":{"rendered":"<p>LLEGA CON ESTILO A CUALQUIER OCASI\u00d3N<\/p>\n<p>Los mocasines de lujo Old Money son perfectos para un estilo informal y ofrecen una comodidad \u00f3ptima. Presentan una parte superior magn\u00edficamente cosida y est\u00e1n fabricados en piel de vacuno. La plantilla totalmente de piel garantiza una gran durabilidad y un ajuste c\u00f3modo.<\/p>","protected":false},"excerpt":{"rendered":"<p>LLEGA CON ESTILO A CUALQUIER OCASI\u00d3N Los mocasines de lujo Old Money son perfectos para un estilo informal y ofrecen&#8230;<\/p>","protected":false},"featured_media":550,"comment_status":"open","ping_status":"closed","template":"","meta":[],"product_brand":[],"product_cat":[41],"product_tag":[],"class_list":{"0":"post-549","1":"product","2":"type-product","3":"status-publish","4":"has-post-thumbnail","6":"product_cat-chaussures","8":"first","9":"instock","10":"shipping-taxable","11":"purchasable","12":"product-type-variable"},"_links":{"self":[{"href":"https:\/\/maiison-veyra.com\/en_us\/wp-json\/wp\/v2\/product\/549","targetHints":{"allow":["GET"]}}],"collection":[{"href":"https:\/\/maiison-veyra.com\/en_us\/wp-json\/wp\/v2\/product"}],"about":[{"href":"https:\/\/maiison-veyra.com\/en_us\/wp-json\/wp\/v2\/types\/product"}],"replies":[{"embeddable":true,"href":"https:\/\/maiison-veyra.com\/en_us\/wp-json\/wp\/v2\/comments?post=549"}],"wp:featuredmedia":[{"embeddable":true,"href":"https:\/\/maiison-veyra.com\/en_us\/wp-json\/wp\/v2\/media\/550"}],"wp:attachment":[{"href":"https:\/\/maiison-veyra.com\/en_us\/wp-json\/wp\/v2\/media?parent=549"}],"wp:term":[{"taxonomy":"product_brand","embeddable":true,"href":"https:\/\/maiison-veyra.com\/en_us\/wp-json\/wp\/v2\/product_brand?post=549"},{"taxonomy":"product_cat","embeddable":true,"href":"https:\/\/maiison-veyra.com\/en_us\/wp-json\/wp\/v2\/product_cat?post=549"},{"taxonomy":"product_tag","embeddable":true,"href":"https:\/\/maiison-veyra.com\/en_us\/wp-json\/wp\/v2\/product_tag?post=549"}],"curies":[{"name":"wp","href":"https:\/\/api.w.org\/{rel}","templated":true}]}}