{"id":348,"date":"2025-12-09T18:50:56","date_gmt":"2025-12-09T18:50:56","guid":{"rendered":"https:\/\/maiison-veyra.com\/?post_type=product&#038;p=348"},"modified":"2025-12-09T18:50:56","modified_gmt":"2025-12-09T18:50:56","slug":"shoreline-polo","status":"publish","type":"product","link":"https:\/\/maiison-veyra.com\/en_us\/product\/shoreline-polo\/","title":{"rendered":"Shoreline Polo"},"content":{"rendered":"<p>Rayas costeras, estilo atemporal.<\/p>\n<p>El polo Shoreline combina elegancia y estilo desenfadado. Con sus atrevidas rayas y su cuello en contraste de inspiraci\u00f3n vintage, este polo de punto de alta calidad ofrece el encanto de la Riviera y se puede llevar a diario. Confeccionado en un tejido acanalado con textura que mantiene su forma y a\u00f1ade profundidad, es perfecto para brunchs, paseos por la playa o noches frescas. Ll\u00e9valo con pantalones para un look elegante o con pantalones cortos para un estilo informal: este polo est\u00e1 dise\u00f1ado para adaptarse a cualquier ocasi\u00f3n.<\/p>\n<p>Detalles caracter\u00edsticos<\/p>\n<p>Estampado retro a rayas anchas.<br \/>\nCuello en contraste de punto marfil.<br \/>\nTejido acanalado con textura.<br \/>\nTapeta con botones en la parte delantera.<br \/>\nCorte informal.<br \/>\nDisponible en 3 tonos naturales: negro, marr\u00f3n y oliva.<\/p>","protected":false},"excerpt":{"rendered":"<p>Rayas costeras, estilo atemporal. El polo Shoreline combina elegancia y estilo desenfadado. Con sus atrevidas rayas y su cuello en&#8230;<\/p>","protected":false},"featured_media":349,"comment_status":"open","ping_status":"closed","template":"","meta":[],"product_brand":[],"product_cat":[17],"product_tag":[],"class_list":{"0":"post-348","1":"product","2":"type-product","3":"status-publish","4":"has-post-thumbnail","6":"product_cat-tops","8":"first","9":"instock","10":"shipping-taxable","11":"purchasable","12":"product-type-variable"},"_links":{"self":[{"href":"https:\/\/maiison-veyra.com\/en_us\/wp-json\/wp\/v2\/product\/348","targetHints":{"allow":["GET"]}}],"collection":[{"href":"https:\/\/maiison-veyra.com\/en_us\/wp-json\/wp\/v2\/product"}],"about":[{"href":"https:\/\/maiison-veyra.com\/en_us\/wp-json\/wp\/v2\/types\/product"}],"replies":[{"embeddable":true,"href":"https:\/\/maiison-veyra.com\/en_us\/wp-json\/wp\/v2\/comments?post=348"}],"wp:featuredmedia":[{"embeddable":true,"href":"https:\/\/maiison-veyra.com\/en_us\/wp-json\/wp\/v2\/media\/349"}],"wp:attachment":[{"href":"https:\/\/maiison-veyra.com\/en_us\/wp-json\/wp\/v2\/media?parent=348"}],"wp:term":[{"taxonomy":"product_brand","embeddable":true,"href":"https:\/\/maiison-veyra.com\/en_us\/wp-json\/wp\/v2\/product_brand?post=348"},{"taxonomy":"product_cat","embeddable":true,"href":"https:\/\/maiison-veyra.com\/en_us\/wp-json\/wp\/v2\/product_cat?post=348"},{"taxonomy":"product_tag","embeddable":true,"href":"https:\/\/maiison-veyra.com\/en_us\/wp-json\/wp\/v2\/product_tag?post=348"}],"curies":[{"name":"wp","href":"https:\/\/api.w.org\/{rel}","templated":true}]}}