{"id":293,"date":"2025-12-09T16:57:54","date_gmt":"2025-12-09T16:57:54","guid":{"rendered":"https:\/\/maiison-veyra.com\/?post_type=product&#038;p=293"},"modified":"2025-12-10T11:21:54","modified_gmt":"2025-12-10T11:21:54","slug":"soho-alpargatas","status":"publish","type":"product","link":"https:\/\/maiison-veyra.com\/en_us\/product\/soho-alpargatas\/","title":{"rendered":"Soho Alpargatas"},"content":{"rendered":"<p>Adopta un estilo desenfadado con las zapatillas Soho, donde el dise\u00f1o contempor\u00e1neo se une a la comodidad atemporal. Confeccionadas con un tejido suave y transpirable y con una suela duradera recubierta de yute, estas zapatillas son la elecci\u00f3n ideal para quienes aprecian un look minimalista pero elegante. Ya sea para pasear por la ciudad o disfrutar de un d\u00eda soleado, las alpargatas Soho te ofrecen comodidad durante todo el d\u00eda y un toque de elegancia refinada.<\/p>\n<p>Caracter\u00edsticas principales:<\/p>\n<p>Tejido suave y transpirable para una comodidad m\u00e1xima.<br \/>\nDise\u00f1o elegante y moderno que combina con todos los looks informales.<br \/>\nSuela duradera recubierta de yute para mayor resistencia y sujeci\u00f3n.<br \/>\nVers\u00e1tiles y f\u00e1ciles de combinar con tu armario de verano.<br \/>\nIdeales para d\u00edas de playa, fines de semana informales o vacaciones.<\/p>\n<p>Materiales:<\/p>\n<p>Forro: lona.<br \/>\nParte superior: lana de oveja.<br \/>\nSuela: cuerda de c\u00e1\u00f1amo con suela exterior de tend\u00f3n de vaca.<\/p>\n<p>Traducci\u00f3n realizada con la versi\u00f3n gratuita del traductor DeepL.com<\/p>","protected":false},"excerpt":{"rendered":"<p>Adopta un estilo desenfadado con las zapatillas Soho, donde el dise\u00f1o contempor\u00e1neo se une a la comodidad atemporal. Confeccionadas con&#8230;<\/p>","protected":false},"featured_media":332,"comment_status":"open","ping_status":"closed","template":"","meta":[],"product_brand":[],"product_cat":[41],"product_tag":[],"class_list":{"0":"post-293","1":"product","2":"type-product","3":"status-publish","4":"has-post-thumbnail","6":"product_cat-chaussures","8":"first","9":"instock","10":"shipping-taxable","11":"purchasable","12":"product-type-variable"},"_links":{"self":[{"href":"https:\/\/maiison-veyra.com\/en_us\/wp-json\/wp\/v2\/product\/293","targetHints":{"allow":["GET"]}}],"collection":[{"href":"https:\/\/maiison-veyra.com\/en_us\/wp-json\/wp\/v2\/product"}],"about":[{"href":"https:\/\/maiison-veyra.com\/en_us\/wp-json\/wp\/v2\/types\/product"}],"replies":[{"embeddable":true,"href":"https:\/\/maiison-veyra.com\/en_us\/wp-json\/wp\/v2\/comments?post=293"}],"wp:featuredmedia":[{"embeddable":true,"href":"https:\/\/maiison-veyra.com\/en_us\/wp-json\/wp\/v2\/media\/332"}],"wp:attachment":[{"href":"https:\/\/maiison-veyra.com\/en_us\/wp-json\/wp\/v2\/media?parent=293"}],"wp:term":[{"taxonomy":"product_brand","embeddable":true,"href":"https:\/\/maiison-veyra.com\/en_us\/wp-json\/wp\/v2\/product_brand?post=293"},{"taxonomy":"product_cat","embeddable":true,"href":"https:\/\/maiison-veyra.com\/en_us\/wp-json\/wp\/v2\/product_cat?post=293"},{"taxonomy":"product_tag","embeddable":true,"href":"https:\/\/maiison-veyra.com\/en_us\/wp-json\/wp\/v2\/product_tag?post=293"}],"curies":[{"name":"wp","href":"https:\/\/api.w.org\/{rel}","templated":true}]}}