{"id":500,"date":"2025-12-10T12:18:15","date_gmt":"2025-12-10T12:18:15","guid":{"rendered":"https:\/\/maiison-veyra.com\/?page_id=500"},"modified":"2025-12-10T12:20:15","modified_gmt":"2025-12-10T12:20:15","slug":"politica-de-envios","status":"publish","type":"page","link":"https:\/\/maiison-veyra.com\/en_us\/politica-de-envios\/","title":{"rendered":"Pol\u00edtica de env\u00edos"},"content":{"rendered":"<div data-elementor-type=\"wp-page\" data-elementor-id=\"500\" class=\"elementor elementor-500\" data-elementor-post-type=\"page\">\n\t\t\t\t<div class=\"elementor-element elementor-element-ce3b374 e-flex e-con-boxed e-con e-parent\" data-id=\"ce3b374\" data-element_type=\"container\">\n\t\t\t\t\t<div class=\"e-con-inner\">\n\t\t\t\t<div class=\"elementor-element elementor-element-81f507c elementor-widget elementor-widget-text-editor\" data-id=\"81f507c\" data-element_type=\"widget\" data-widget_type=\"text-editor.default\">\n\t\t\t\t\t\t\t\t\t<div class=\"shopify-policy__title\"><h2>Pol\u00edtica de env\u00edo<\/h2><\/div><div class=\"shopify-policy__body\"><div class=\"rte\"><p>Maison Veyra trabaja con los transportistas locales DHL y La Poste, lo que permite una entrega directa en su domicilio o en la oficina de correos.<\/p><p>Su pago se cargar\u00e1 en el momento del pedido, y todos los pagos deber\u00e1n ser verificados y autorizados antes de la entrega. Para prevenir el fraude con tarjetas de cr\u00e9dito, los pedidos con informaci\u00f3n de facturaci\u00f3n incorrecta o que requieran una verificaci\u00f3n m\u00e1s exhaustiva pueden retrasarse y\/o cancelarse.<\/p><p><strong>Entrega<\/strong><\/p><p>Comenzaremos a procesar su pedido inmediatamente; por lo tanto, no podremos modificarlo (incluyendo cambios de direcci\u00f3n) una vez realizado. Solo entregaremos en la direcci\u00f3n que indic\u00f3 al momento del pago. Solo pagar\u00e1 por los productos entregados, m\u00e1s los gastos de env\u00edo e impuestos aplicables.<\/p><p>Una vez que su pedido haya sido enviado, recibir\u00e1 un correo electr\u00f3nico de confirmaci\u00f3n de env\u00edo.<\/p><p>Entregamos \u00fanicamente en d\u00edas h\u00e1biles, y no los s\u00e1bados ni d\u00edas festivos.<\/p><p>El tiempo de procesamiento promedio de algunos productos puede ser mayor, especialmente durante vacaciones o si su pedido contiene productos populares cuya disponibilidad no est\u00e1 garantizada. Los pedidos se env\u00edan tan pronto como se confirme el stock.<\/p><p>Si el pedido contiene varios productos, estos pueden enviarse por separado y recibirse en fechas diferentes debido a la distinta ubicaci\u00f3n de nuestros socios de producci\u00f3n.<\/p><p><strong>Env\u00edos<\/strong><\/p><p>Una vez realizado su pedido y confirmado el pago, su pedido ser\u00e1 enviado dentro de 1 a 3 d\u00edas h\u00e1biles. En promedio, se tarda entre 5 y 15 d\u00edas h\u00e1biles en recibir el pedido.<\/p><p><em>Nota: Los plazos mencionados anteriormente son solo estimaciones. Aunque hacemos todo lo posible para que su pedido se entregue a tiempo, Maison Veyra no se hace responsable en caso de circunstancias fuera de nuestro control, como procedimientos postales o aduaneros, d\u00edas festivos, condiciones meteorol\u00f3gicas extremas, conflictos laborales, manifestaciones, etc. Tales interrupciones pueden causar retrasos en la entrega superiores a la estimaci\u00f3n inicial.<\/em><\/p><p><strong>El plazo de entrega estimado ha pasado. \u00bfD\u00f3nde est\u00e1 mi pedido?<\/strong><\/p><p>Su pedido se entregar\u00e1 dentro del plazo estimado en el 99 % de los casos. Sin embargo, puede ocurrir que un pedido se retrase durante la entrega. Puede seguir el estado de su pedido mediante el n\u00famero de seguimiento enviado por correo electr\u00f3nico.<\/p><p>\u00bfNo ha recibido su pedido 3 d\u00edas despu\u00e9s del plazo estimado? Por favor, cont\u00e1ctenos a\u00a0<a class=\"decorated-link cursor-pointer\" rel=\"noopener\">info@maison-veyra.com<\/a>.<\/p><p><strong>No estoy satisfecho(a) con mi pedido, \u00bfqu\u00e9 debo hacer?<\/strong><\/p><p>\u00bfNo est\u00e1 satisfecho(a) con su pedido? Lamentamos la situaci\u00f3n y queremos saber c\u00f3mo resolverla. Env\u00ede un correo electr\u00f3nico a\u00a0<a class=\"decorated-link cursor-pointer\" rel=\"noopener\">info@maison-veyra.com<\/a>.<\/p><\/div><\/div>\t\t\t\t\t\t\t\t<\/div>\n\t\t\t\t\t<\/div>\n\t\t\t\t<\/div>\n\t\t\t\t<\/div>","protected":false},"excerpt":{"rendered":"<p>Pol\u00edtica de env\u00edo Maison Veyra trabaja con los transportistas locales DHL y La Poste, lo que permite una entrega directa&#8230;<\/p>","protected":false},"author":1,"featured_media":0,"parent":0,"menu_order":0,"comment_status":"closed","ping_status":"closed","template":"","meta":{"footnotes":""},"class_list":["post-500","page","type-page","status-publish","hentry"],"_hostinger_reach_plugin_has_subscription_block":false,"_hostinger_reach_plugin_is_elementor":false,"_links":{"self":[{"href":"https:\/\/maiison-veyra.com\/en_us\/wp-json\/wp\/v2\/pages\/500","targetHints":{"allow":["GET"]}}],"collection":[{"href":"https:\/\/maiison-veyra.com\/en_us\/wp-json\/wp\/v2\/pages"}],"about":[{"href":"https:\/\/maiison-veyra.com\/en_us\/wp-json\/wp\/v2\/types\/page"}],"author":[{"embeddable":true,"href":"https:\/\/maiison-veyra.com\/en_us\/wp-json\/wp\/v2\/users\/1"}],"replies":[{"embeddable":true,"href":"https:\/\/maiison-veyra.com\/en_us\/wp-json\/wp\/v2\/comments?post=500"}],"version-history":[{"count":4,"href":"https:\/\/maiison-veyra.com\/en_us\/wp-json\/wp\/v2\/pages\/500\/revisions"}],"predecessor-version":[{"id":504,"href":"https:\/\/maiison-veyra.com\/en_us\/wp-json\/wp\/v2\/pages\/500\/revisions\/504"}],"wp:attachment":[{"href":"https:\/\/maiison-veyra.com\/en_us\/wp-json\/wp\/v2\/media?parent=500"}],"curies":[{"name":"wp","href":"https:\/\/api.w.org\/{rel}","templated":true}]}}