{"id":493,"date":"2025-12-10T11:58:53","date_gmt":"2025-12-10T11:58:53","guid":{"rendered":"https:\/\/maiison-veyra.com\/?page_id=493"},"modified":"2025-12-10T12:16:47","modified_gmt":"2025-12-10T12:16:47","slug":"terms-of-service","status":"publish","type":"page","link":"https:\/\/maiison-veyra.com\/en_us\/terms-of-service\/","title":{"rendered":"Condiciones de uso"},"content":{"rendered":"<div data-elementor-type=\"wp-page\" data-elementor-id=\"493\" class=\"elementor elementor-493\" data-elementor-post-type=\"page\">\n\t\t\t\t<div class=\"elementor-element elementor-element-2dd3670 e-con-full e-flex e-con e-parent\" data-id=\"2dd3670\" data-element_type=\"container\">\n\t\t\t\t<div class=\"elementor-element elementor-element-97ef04f elementor-widget elementor-widget-text-editor\" data-id=\"97ef04f\" data-element_type=\"widget\" data-widget_type=\"text-editor.default\">\n\t\t\t\t\t\t\t\t\t<div class=\"shopify-policy__title\"><h2>T\u00e9rminos del servicio<\/h2><\/div><div class=\"shopify-policy__body\"><div class=\"rte\"><div class=\"text-base my-auto mx-auto pb-10 [--thread-content-margin:--spacing(4)] thread-sm:[--thread-content-margin:--spacing(6)] thread-lg:[--thread-content-margin:--spacing(16)] px-(--thread-content-margin)\"><div class=\"[--thread-content-max-width:40rem] thread-lg:[--thread-content-max-width:48rem] mx-auto max-w-(--thread-content-max-width) flex-1 group\/turn-messages focus-visible:outline-hidden relative flex w-full min-w-0 flex-col agent-turn\"><div class=\"flex max-w-full flex-col grow\"><div class=\"min-h-8 text-message relative flex w-full flex-col items-end gap-2 text-start break-words whitespace-normal [.text-message+&amp;]:mt-1\"><div class=\"flex w-full flex-col gap-1 empty:hidden first:pt-[1px]\"><div class=\"markdown prose dark:prose-invert w-full break-words light markdown-new-styling\"><p>Este sitio web es operado por Maison Veyra. En este sitio, los t\u00e9rminos \u00abnosotros\u00bb, \u00abnuestro\u00bb y \u00abnos\u00bb se refieren a la empresa. Maison Veyra pone a su disposici\u00f3n este sitio web, incluyendo toda la informaci\u00f3n, herramientas y servicios disponibles en \u00e9l, bajo la condici\u00f3n de su aceptaci\u00f3n de todos los t\u00e9rminos generales, pol\u00edticas y avisos aqu\u00ed establecidos.<\/p><p>Al visitar nuestro sitio y\/o realizar una compra con nosotros, usted utiliza nuestro \u00abServicio\u00bb y acepta estar sujeto a los siguientes t\u00e9rminos generales (\u00abT\u00e9rminos de uso\u00bb, \u00abT\u00e9rminos\u00bb), incluyendo todos los t\u00e9rminos y pol\u00edticas adicionales referenciados aqu\u00ed y\/o accesibles mediante hiperv\u00ednculo. Estos T\u00e9rminos de uso se aplican a todos los usuarios del sitio, incluyendo, sin limitaci\u00f3n, usuarios que sean navegadores, proveedores, clientes, comerciantes y\/o proveedores de contenido.<\/p><p>Lea atentamente estos T\u00e9rminos de uso antes de utilizar nuestro sitio web. Al acceder o usar cualquier parte del sitio, usted acepta estar sujeto a estos T\u00e9rminos de uso. Si no acepta todos los t\u00e9rminos de este acuerdo, no puede acceder al sitio ni utilizar los servicios. Si estos T\u00e9rminos de uso se consideran una oferta, su aceptaci\u00f3n se limita expresamente a estos T\u00e9rminos.<\/p><p>Cualquier nueva funcionalidad o herramienta a\u00f1adida a nuestra tienda tambi\u00e9n estar\u00e1 sujeta a los T\u00e9rminos de uso. Puede consultar la versi\u00f3n actual de los T\u00e9rminos de uso en cualquier momento en esta p\u00e1gina. Nos reservamos el derecho de actualizar, modificar o reemplazar cualquier parte de estos T\u00e9rminos de uso publicando actualizaciones y\/o cambios en nuestro sitio web. Es su responsabilidad consultar regularmente esta p\u00e1gina para estar al tanto de las modificaciones. Su uso continuo del sitio o su acceso a \u00e9l despu\u00e9s de la publicaci\u00f3n de cualquier cambio constituye aceptaci\u00f3n de dichos cambios.<\/p><hr \/><p><strong>ART\u00cdCULO 1 &#8211; CONDICIONES GENERALES DEL SITIO:<\/strong><\/p><p>Al aceptar estos T\u00e9rminos de uso, usted declara haber alcanzado la mayor\u00eda de edad en su estado o provincia de residencia, o haber alcanzado la mayor\u00eda de edad en su estado o provincia de residencia y habernos dado su consentimiento para permitir que cualquier persona menor a su cargo utilice este sitio.<\/p><p>No puede utilizar nuestros productos con fines ilegales o no autorizados, ni infringir las leyes de su jurisdicci\u00f3n (incluyendo, pero no limitado a, leyes de derechos de autor) al utilizar el Servicio.<\/p><p>No debe transmitir ning\u00fan virus, gusano u otro c\u00f3digo destructivo.<\/p><p>Cualquier violaci\u00f3n de los T\u00e9rminos resultar\u00e1 en la terminaci\u00f3n inmediata de los Servicios.<\/p><hr \/><p><strong>ART\u00cdCULO 2 &#8211; CONDICIONES GENERALES:<\/strong><\/p><p>Nos reservamos el derecho de rechazar el servicio a cualquier persona, por cualquier motivo y en cualquier momento.<\/p><p>Usted entiende que su contenido (excepto la informaci\u00f3n de tarjetas de cr\u00e9dito) puede ser transferido de forma encriptada e implicar (a) transmisiones a trav\u00e9s de diferentes redes y (b) modificaciones para cumplir y adaptarse a los requisitos t\u00e9cnicos de redes o dispositivos conectados. La informaci\u00f3n de tarjetas de cr\u00e9dito siempre est\u00e1 cifrada durante la transferencia a trav\u00e9s de la red.<\/p><p>Usted se compromete a no reproducir, duplicar, copiar, vender, revender o explotar cualquier parte del Servicio, el uso del Servicio, el acceso al Servicio o cualquier contacto en el sitio por el cual se proporciona el servicio, sin nuestra autorizaci\u00f3n escrita expresa.<\/p><p>Los t\u00edtulos utilizados en este Contrato se incluyen \u00fanicamente por conveniencia y no limitan ni afectan estos T\u00e9rminos.<\/p><hr \/><p><strong>ART\u00cdCULO 3 &#8211; EXACTITUD, INTEGRIDAD Y ACTUALIDAD DE LA INFORMACI\u00d3N:<\/strong><\/p><p>No asumimos ninguna responsabilidad si la informaci\u00f3n disponible en este sitio es inexacta, incompleta o desactualizada. La informaci\u00f3n presentada en este sitio se proporciona solo con fines informativos y no debe utilizarse como \u00fanica base para tomar decisiones sin consultar sus fuentes de informaci\u00f3n principales, m\u00e1s precisas, completas o actualizadas. Usted conf\u00eda en la informaci\u00f3n presentada en este sitio bajo su propio riesgo.<\/p><p>Este sitio puede contener informaci\u00f3n hist\u00f3rica. Esta informaci\u00f3n puede estar desactualizada y se proporciona solo con fines informativos. Nos reservamos el derecho de modificar el contenido de este sitio en cualquier momento, pero no tenemos obligaci\u00f3n de actualizar la informaci\u00f3n contenida. Usted acepta que es su responsabilidad seguir las modificaciones realizadas en nuestro sitio.<\/p><hr \/><p><strong>ART\u00cdCULO 4 &#8211; MODIFICACIONES DEL SERVICIO Y PRECIOS:<\/strong><\/p><p>Los precios de nuestros productos pueden cambiar sin previo aviso.<\/p><p>Nos reservamos el derecho de modificar o interrumpir el Servicio (o cualquier parte o contenido del mismo) en cualquier momento y sin previo aviso.<br \/>Puede cancelar su pedido dentro de las 24 horas posteriores a su realizaci\u00f3n (si a\u00fan no ha sido procesado).<\/p><p>No asumimos responsabilidad hacia usted ni hacia terceros por cambios, modificaciones de precios, suspensi\u00f3n o cancelaci\u00f3n del Servicio.<\/p><hr \/><p><strong>ART\u00cdCULO 5 &#8211; PRODUCTOS O SERVICIOS:<\/strong><\/p><p>Algunos productos o servicios pueden estar disponibles exclusivamente en l\u00ednea en el sitio. Estos productos o servicios pueden estar disponibles en cantidades limitadas y solo pueden ser devueltos o intercambiados de acuerdo con nuestra Pol\u00edtica de devoluciones.<\/p><p>Los cupones y c\u00f3digos de descuento adicionales emitidos para la compra de productos adicionales debido a problemas de talla no son reembolsables y los productos comprados con dichos c\u00f3digos no pueden devolverse ni intercambiarse. Estas ofertas son definitivas y no pueden canjearse por dinero ni cr\u00e9dito.<\/p><p>Hemos hecho todo lo posible para mostrar con la mayor precisi\u00f3n posible los colores e im\u00e1genes de los productos en la tienda. No podemos garantizar la exactitud de los colores en la pantalla y monitor de su dispositivo.<\/p><p>Nos reservamos el derecho, sin obligaci\u00f3n, de limitar la venta de nuestros productos o servicios a cualquier persona, zona geogr\u00e1fica o jurisdicci\u00f3n. Podemos ejercer este derecho caso por caso. Nos reservamos el derecho de limitar las cantidades de productos o servicios que ofrecemos. Las descripciones y precios de los productos pueden cambiar en cualquier momento sin previo aviso, a nuestra sola discreci\u00f3n. Nos reservamos el derecho de cancelar cualquier producto en cualquier momento. Cualquier oferta de productos o servicios presentada en este sitio es nula donde la ley lo proh\u00edba. No garantizamos que la calidad de los productos, servicios, informaci\u00f3n u otros contenidos que haya comprado o adquirido cumpla con sus expectativas, ni que cualquier error en el Servicio ser\u00e1 corregido.<\/p><p>Aunque hacemos todo lo posible para minimizar las variaciones de talla durante el control de calidad, puede haber una diferencia de 3 a 7 cm para ropa y de 1 cm para calzado.<\/p><p>Tenga en cuenta que el color, tama\u00f1o y estilo de los productos pueden diferir ligeramente de las im\u00e1genes presentadas en el sitio web.<\/p><p>Si realiz\u00f3 un pedido y no recogi\u00f3 la entrega antes de que nos fuera devuelta (aproximadamente en 7 d\u00edas), le cobraremos el 50 % del precio de compra por el procesamiento del pedido.<\/p><p>Si el seguimiento del paquete indica que ha sido entregado, pero no recibi\u00f3 su pedido, primero contacte al correo u otro transportista para averiguar qu\u00e9 sucedi\u00f3 con su paquete. Si el correo u otro transportista indica que el paquete se perdi\u00f3 durante el env\u00edo, debe solicitar una confirmaci\u00f3n oficial de la p\u00e9rdida y devolv\u00e9rnoslo.<\/p><p>Nuestros productos se env\u00edan desde diferentes centros de distribuci\u00f3n en Asia, Am\u00e9rica y Europa. Para garantizar un procesamiento eficiente y una entrega r\u00e1pida, los pedidos se env\u00edan desde el almac\u00e9n donde los art\u00edculos est\u00e1n en stock.<\/p><p><strong>Derecho de desistimiento:<\/strong><\/p><p>Las solicitudes de devoluci\u00f3n deben enviarse dentro de los 14 d\u00edas posteriores a la recepci\u00f3n del pedido.<\/p><p>Nota: ropa interior, mascarillas y productos de belleza no pueden ser devueltos.<br \/>Nuestra direcci\u00f3n de devoluci\u00f3n est\u00e1 ubicada en China.<\/p><hr \/><p><strong>ART\u00cdCULO 6 &#8211; EXACTITUD DE LA INFORMACI\u00d3N DE FACTURACI\u00d3N Y CUENTA:<\/strong><\/p><p>Nos reservamos el derecho de rechazar cualquier pedido que realice con nosotros. Podemos, a nuestra sola discreci\u00f3n, limitar o cancelar las cantidades compradas por persona, hogar o pedido. Estas restricciones pueden aplicarse a pedidos realizados desde la misma cuenta, tarjeta de cr\u00e9dito y\/o utilizando la misma direcci\u00f3n de facturaci\u00f3n y\/o env\u00edo. Si modificamos o cancelamos un pedido, intentaremos notificarle por correo electr\u00f3nico y\/o n\u00famero de tel\u00e9fono proporcionado al hacer el pedido. Nos reservamos el derecho de limitar o rechazar pedidos que, a nuestra sola discreci\u00f3n, parezcan provenir de revendedores, distribuidores o compradores terceros.<\/p><p>Usted se compromete a proporcionar informaci\u00f3n de compra y de cuenta actualizada, completa y exacta para todas sus compras en nuestra tienda. Se compromete a actualizar r\u00e1pidamente su cuenta y otra informaci\u00f3n, incluyendo correo electr\u00f3nico, n\u00famero de tarjeta de cr\u00e9dito y fecha de vencimiento, para que podamos procesar sus transacciones y contactarlo si es necesario.<\/p><hr \/><p><strong>ART\u00cdCULO 7 &#8211; HERRAMIENTAS OPCIONALES:<\/strong><\/p><p>Podemos darle acceso a herramientas de terceros sobre las que no ejercemos ning\u00fan control ni influencia.<\/p><p>Usted reconoce y acepta que proporcionamos acceso a estas herramientas \u00abtal cual\u00bb y \u00abseg\u00fan disponibilidad\u00bb, sin ninguna garant\u00eda, representaci\u00f3n o condici\u00f3n de ning\u00fan tipo, ni aprobaci\u00f3n. No asumimos ninguna responsabilidad derivada de su uso de herramientas opcionales de terceros.<\/p><p>Cualquier uso de herramientas opcionales ofrecidas en el sitio web es bajo su propio riesgo y discreci\u00f3n. Debe asegurarse de conocer y aceptar los t\u00e9rminos de suministro de las herramientas por parte del\/los proveedor(es) correspondiente(s).<\/p><p>Podr\u00edamos, en el futuro, ofrecer nuevos servicios y\/o funcionalidades en el sitio web (incluyendo la publicaci\u00f3n de nuevas herramientas y recursos). Estas nuevas funcionalidades y\/o servicios tambi\u00e9n estar\u00e1n sujetos a estos T\u00e9rminos de uso.<\/p><hr \/><p><strong>ART\u00cdCULO 8 &#8211; ENLACES A TERCEROS:<\/strong><\/p><p>Algunas informaciones, productos y servicios disponibles a trav\u00e9s de nuestro Servicio pueden incluir elementos de terceros.<\/p><p>Los enlaces a sitios de terceros presentes en este sitio pueden redirigirle a sitios que no est\u00e1n afiliados con nosotros. No somos responsables de revisar o evaluar el contenido ni su exactitud, y no garantizamos ni asumimos responsabilidad por contenido o sitios web de terceros, ni por cualquier otro contenido, producto o servicio de terceros.<\/p><p>No somos responsables de da\u00f1os relacionados con la compra o uso de bienes, servicios, recursos, contenidos o cualquier otra transacci\u00f3n realizada a trav\u00e9s de sitios web de terceros. Lea atentamente las pol\u00edticas y pr\u00e1cticas de terceros antes de realizar cualquier transacci\u00f3n. Cualquier queja, reclamo o consulta sobre productos de terceros debe dirigirse directamente a los mismos.<\/p><hr \/><p><strong>ART\u00cdCULO 9 &#8211; COMENTARIOS, OPINIONES Y OTRAS PRESENTACIONES DE USUARIOS:<\/strong><\/p><p>Si, a nuestra solicitud, env\u00eda contribuciones espec\u00edficas (por ejemplo, participaciones en concursos) o, sin solicitud nuestra, nos env\u00eda ideas creativas, sugerencias, planes u otros elementos, ya sea en l\u00ednea, por correo electr\u00f3nico, correo postal o de otra manera (colectivamente, \u00abComentarios\u00bb), nos autoriza, en cualquier momento y sin restricciones, a modificar, copiar, publicar, distribuir, traducir y usar de cualquier otra manera, en cualquier medio, los Comentarios que nos env\u00ede. No estamos y no estaremos obligados (1) a mantener la confidencialidad de los Comentarios; (2) a pagar compensaci\u00f3n por los Comentarios; o (3) a responderlos.<\/p><p>Podemos, sin obligaci\u00f3n, monitorear, modificar o eliminar cualquier contenido que consideremos, a nuestra sola discreci\u00f3n, ilegal, ofensivo, amenazante, difamatorio, pornogr\u00e1fico, obsceno o de otro modo reprobable, o que viole derechos de propiedad intelectual de terceros o estos T\u00e9rminos de uso.<\/p><p>Usted se compromete a que sus comentarios no infrinjan derechos de terceros, incluyendo derechos de autor, marcas registradas, privacidad, personalidad u otros derechos personales o de propiedad. Tambi\u00e9n se compromete a que sus comentarios no contengan contenido difamatorio, ilegal, injurioso u obsceno, ni virus inform\u00e1ticos u otro software da\u00f1ino que pueda afectar el funcionamiento del Servicio o cualquier sitio web asociado. No puede usar direcciones de correo falsas, hacerse pasar por otra persona o enga\u00f1arnos a nosotros o a terceros sobre la procedencia de los comentarios. Usted es el \u00fanico responsable de sus comentarios y su exactitud. No asumimos responsabilidad por comentarios publicados por usted o por terceros.<\/p><hr \/><p><strong>ART\u00cdCULO 10 &#8211; INFORMACI\u00d3N PERSONAL:<\/strong><\/p><p>La comunicaci\u00f3n de su informaci\u00f3n personal a trav\u00e9s de la tienda est\u00e1 regida por nuestra Pol\u00edtica de Privacidad.<\/p><hr \/><p><strong>ART\u00cdCULO 11 &#8211; ERRORES, INEXACTITUDES Y OMISIONES:<\/strong><\/p><p>Es posible que cierta informaci\u00f3n en nuestro sitio o en el Servicio contenga errores tipogr\u00e1ficos, inexactitudes u omisiones respecto a descripciones de productos, precios, promociones, ofertas, costos de env\u00edo, plazos de entrega y disponibilidad. Nos reservamos el derecho de corregir cualquier error, inexactitud u omisi\u00f3n, y de modificar o actualizar la informaci\u00f3n o cancelar pedidos si la informaci\u00f3n en el Servicio o en cualquier sitio web asociado es incorrecta, en cualquier momento y sin previo aviso (incluso despu\u00e9s de la confirmaci\u00f3n de su pedido).<\/p><p>No tenemos obligaci\u00f3n de actualizar, modificar o aclarar la informaci\u00f3n en el Servicio o en cualquier sitio web asociado, incluyendo tarifas, a menos que lo exija la ley. Ninguna fecha de actualizaci\u00f3n o modificaci\u00f3n especificada en el Servicio o en cualquier sitio web asociado se interpretar\u00e1 como una actualizaci\u00f3n o modificaci\u00f3n completa de toda la informaci\u00f3n en el Servicio o en cualquier sitio web asociado.<\/p><hr \/><p><strong>ART\u00cdCULO 12 &#8211; USOS PROHIBIDOS:<\/strong><\/p><p>Adem\u00e1s de todas las dem\u00e1s prohibiciones establecidas en estos T\u00e9rminos de uso, se le proh\u00edbe utilizar el Sitio o su Contenido:<br \/>(a) para fines ilegales;<br \/>(b) para incitar a terceros a realizar o participar en actos ilegales;<br \/>(c) para violar cualquier reglamento, ley u orden local, internacional, federal, provincial o estatal;<br \/>(d) para infringir nuestros derechos de propiedad intelectual o los de terceros;<br \/>(e) para acosar, maltratar, insultar, da\u00f1ar, difamar, calumniar, intimidar o discriminar por sexo, orientaci\u00f3n sexual, religi\u00f3n, origen \u00e9tnico, raza, edad, nacionalidad o discapacidad;<br \/>(f) para enviar informaci\u00f3n falsa o enga\u00f1osa;<br \/>(g) para cargar o transmitir virus u otro software malicioso que afecte la funcionalidad o el funcionamiento del Servicio, sitios web asociados u otros sitios web;<br \/>(h) para recopilar o rastrear informaci\u00f3n personal sobre terceros;<br \/>(i) para enviar spam, phishing, secuestrar dominios, hacerse pasar por otro, explorar o raspar contenido;<br \/>(j) para fines obscenos o inmorales;<br \/>(k) para interferir o eludir las funciones de seguridad del Servicio, sitios web asociados, otros sitios web o Internet.<\/p><p>Nos reservamos el derecho de rescindir su uso del Servicio o de cualquier sitio web asociado en caso de violaci\u00f3n de cualquiera de los usos prohibidos.<\/p><hr \/><p><strong>ART\u00cdCULO 13 &#8211; EXCLUSI\u00d3N DE RESPONSABILIDAD; LIMITACI\u00d3N DE RESPONSABILIDAD:<\/strong><\/p><p>No garantizamos que su uso de nuestro Servicio sea ininterrumpido, r\u00e1pido, seguro o libre de errores.<\/p><p>No garantizamos que los resultados obtenidos a trav\u00e9s del uso del Servicio sean exactos o confiables.<\/p><p>Usted acepta que podemos eliminar el Servicio temporalmente o cancelarlo en cualquier momento, sin previo aviso.<\/p><p>Usted reconoce expresamente que su uso del Servicio, o su incapacidad para usarlo, es bajo su propio riesgo. El Servicio y todos los productos y servicios que se le proporcionan a trav\u00e9s del mismo se ofrecen \u00abtal cual\u00bb y \u00abseg\u00fan disponibilidad\u00bb, sin ninguna representaci\u00f3n, garant\u00eda o condici\u00f3n de ning\u00fan tipo, expresa o impl\u00edcita, incluyendo garant\u00edas impl\u00edcitas de comerciabilidad, idoneidad para un prop\u00f3sito particular, durabilidad, t\u00edtulo y no infracci\u00f3n.<\/p><p>En ning\u00fan caso Maison Veyra, nuestros directores, funcionarios, empleados, afiliados, agentes, contratistas, pasantes, proveedores, proveedores de servicios o licenciantes ser\u00e1n responsables por cualquier lesi\u00f3n, p\u00e9rdida, reclamo o da\u00f1o directo, indirecto, incidental, punitivo, especial o consecuente de cualquier tipo, incluyendo, pero no limitado a, p\u00e9rdida de ganancias, p\u00e9rdida de ingresos, p\u00e9rdida de ahorros, p\u00e9rdida de datos, costos de reemplazo o da\u00f1os similares, resultantes de su uso de cualquier Servicio o producto comprado usando el Servicio, o cualquier otra reclamaci\u00f3n relacionada con su uso del Servicio o cualquier producto, incluyendo errores u omisiones en cualquier Contenido, incluso si se le inform\u00f3 de la posibilidad de dichos da\u00f1os. Dado que algunos estados o jurisdicciones no permiten la exclusi\u00f3n o limitaci\u00f3n de responsabilidad por da\u00f1os indirectos o incidentales, nuestra responsabilidad se limita en la m\u00e1xima medida permitida por la ley.<\/p><hr \/><p><strong>ART\u00cdCULO 14 &#8211; INDEMNIZACI\u00d3N:<\/strong><\/p><p>Usted acepta indemnizar, defender y eximir de responsabilidad a Maison Veyra, su empresa matriz, filiales, afiliados, socios, directores, administradores, agentes, contratistas, licenciantes, proveedores de servicios, subcontratistas, proveedores, pasantes y empleados, de cualquier reclamo o demanda, incluyendo honorarios razonables de abogados, presentados por terceros debido a su violaci\u00f3n de estos T\u00e9rminos de uso o documentos referenciados, o su violaci\u00f3n de cualquier ley o derechos de terceros.<\/p><hr \/><p><strong>ART\u00cdCULO 15 &#8211; DIVISIBILIDAD:<\/strong><\/p><p>Si alguna disposici\u00f3n de estos T\u00e9rminos de uso se considera ilegal, nula o inaplicable, a\u00fan se aplicar\u00e1 en la m\u00e1xima medida permitida por la ley y la disposici\u00f3n inaplicable se considerar\u00e1 separable. Esta separaci\u00f3n no afectar\u00e1 la validez y aplicabilidad de las dem\u00e1s disposiciones.<\/p><hr \/><p><strong>ART\u00cdCULO 16 &#8211; TERMINACI\u00d3N:<\/strong><\/p><p>Las obligaciones y responsabilidades de las partes contra\u00eddas antes de la fecha de terminaci\u00f3n sobrevivir\u00e1n a la terminaci\u00f3n de este acuerdo.<\/p><p>Estos T\u00e9rminos de uso permanecen vigentes hasta su terminaci\u00f3n por usted o por nosotros. Puede rescindir estos T\u00e9rminos de uso en cualquier momento notific\u00e1ndonos que ya no desea utilizar nuestros Servicios o cuando deje de usar nuestro sitio.<\/p><p>Si, a nuestra sola discreci\u00f3n, no cumple o sospechamos que ha incumplido alguna condici\u00f3n de estos T\u00e9rminos, tambi\u00e9n podemos rescindir el contrato en cualquier momento sin previo aviso. Usted seguir\u00e1 siendo responsable de todas las cantidades adeudadas hasta la fecha de terminaci\u00f3n; y\/o, como consecuencia, podemos negarle el acceso a nuestros Servicios (o a cualquier parte de los mismos).<\/p><hr \/><p><strong>ART\u00cdCULO 17 &#8211; ACUERDO COMPLETO:<\/strong><\/p><p>El hecho de que no ejerzamos o hagamos cumplir un derecho o disposici\u00f3n de estos T\u00e9rminos de uso no constituye una renuncia a dicho derecho o disposici\u00f3n.<\/p><p>Estos T\u00e9rminos de uso y todas las pol\u00edticas o reglas de operaci\u00f3n publicadas por nosotros en este sitio o relacionadas con el Servicio constituyen el acuerdo completo entre usted y nosotros y rigen su uso del Servicio, reemplazando todos los acuerdos, comunicaciones y propuestas anteriores o contempor\u00e1neos, orales o escritos, entre usted y nosotros (incluyendo cualquier versi\u00f3n anterior de los T\u00e9rminos de uso).<\/p><p>Cualquier ambig\u00fcedad en la interpretaci\u00f3n de estos T\u00e9rminos de uso no se interpretar\u00e1<\/p><\/div><\/div><\/div><\/div><\/div><\/div><\/div><\/div>\t\t\t\t\t\t\t\t<\/div>\n\t\t\t\t<\/div>\n\t\t\t\t<\/div>","protected":false},"excerpt":{"rendered":"<p>T\u00e9rminos del servicio Este sitio web es operado por Maison Veyra. En este sitio, los t\u00e9rminos \u00abnosotros\u00bb, \u00abnuestro\u00bb y \u00abnos\u00bb&#8230;<\/p>","protected":false},"author":1,"featured_media":0,"parent":0,"menu_order":0,"comment_status":"closed","ping_status":"closed","template":"","meta":{"footnotes":""},"class_list":["post-493","page","type-page","status-publish","hentry"],"_hostinger_reach_plugin_has_subscription_block":false,"_hostinger_reach_plugin_is_elementor":false,"_links":{"self":[{"href":"https:\/\/maiison-veyra.com\/en_us\/wp-json\/wp\/v2\/pages\/493","targetHints":{"allow":["GET"]}}],"collection":[{"href":"https:\/\/maiison-veyra.com\/en_us\/wp-json\/wp\/v2\/pages"}],"about":[{"href":"https:\/\/maiison-veyra.com\/en_us\/wp-json\/wp\/v2\/types\/page"}],"author":[{"embeddable":true,"href":"https:\/\/maiison-veyra.com\/en_us\/wp-json\/wp\/v2\/users\/1"}],"replies":[{"embeddable":true,"href":"https:\/\/maiison-veyra.com\/en_us\/wp-json\/wp\/v2\/comments?post=493"}],"version-history":[{"count":5,"href":"https:\/\/maiison-veyra.com\/en_us\/wp-json\/wp\/v2\/pages\/493\/revisions"}],"predecessor-version":[{"id":498,"href":"https:\/\/maiison-veyra.com\/en_us\/wp-json\/wp\/v2\/pages\/493\/revisions\/498"}],"wp:attachment":[{"href":"https:\/\/maiison-veyra.com\/en_us\/wp-json\/wp\/v2\/media?parent=493"}],"curies":[{"name":"wp","href":"https:\/\/api.w.org\/{rel}","templated":true}]}}